{"id":566,"date":"2022-01-11T17:54:26","date_gmt":"2022-01-11T17:54:26","guid":{"rendered":"http:\/\/fundacjadiuna.pl\/test\/?page_id=566"},"modified":"2022-07-18T20:06:53","modified_gmt":"2022-07-18T20:06:53","slug":"wspieraj","status":"publish","type":"page","link":"https:\/\/fundacjadiuna.pl\/?page_id=566","title":{"rendered":"WSPIERAJ"},"content":{"rendered":"\t\t<div data-elementor-type=\"wp-page\" data-elementor-id=\"566\" class=\"elementor elementor-566\">\n\t\t\t\t\t\t\t\t\t<section class=\"elementor-section elementor-top-section elementor-element elementor-element-c377e75 elementor-section-boxed elementor-section-height-default elementor-section-height-default parallax_section_no qode_elementor_container_no\" data-id=\"c377e75\" data-element_type=\"section\">\n\t\t\t\t\t\t<div class=\"elementor-container elementor-column-gap-default\">\n\t\t\t\t\t<div class=\"elementor-column elementor-col-100 elementor-top-column elementor-element elementor-element-8d0c99d\" data-id=\"8d0c99d\" data-element_type=\"column\">\n\t\t\t<div class=\"elementor-widget-wrap elementor-element-populated\">\n\t\t\t\t\t\t\t\t<div class=\"elementor-element elementor-element-69735fe elementor-widget elementor-widget-spacer\" data-id=\"69735fe\" data-element_type=\"widget\" data-widget_type=\"spacer.default\">\n\t\t\t\t<div class=\"elementor-widget-container\">\n\t\t\t<style>\/*! elementor - v3.6.7 - 03-07-2022 *\/\n.e-container.e-container--row .elementor-spacer-inner{width:var(--spacer-size)}.e-container.e-container--column .elementor-spacer-inner,.elementor-column .elementor-spacer-inner{height:var(--spacer-size)}<\/style>\t\t<div class=\"elementor-spacer\">\n\t\t\t<div class=\"elementor-spacer-inner\"><\/div>\n\t\t<\/div>\n\t\t\t\t<\/div>\n\t\t\t\t<\/div>\n\t\t\t\t<section class=\"elementor-section elementor-inner-section elementor-element elementor-element-23da7ad elementor-section-boxed elementor-section-height-default elementor-section-height-default parallax_section_no qode_elementor_container_no\" data-id=\"23da7ad\" data-element_type=\"section\">\n\t\t\t\t\t\t<div class=\"elementor-container elementor-column-gap-default\">\n\t\t\t\t\t<div class=\"elementor-column elementor-col-100 elementor-inner-column elementor-element elementor-element-0d03695\" data-id=\"0d03695\" data-element_type=\"column\">\n\t\t\t<div class=\"elementor-widget-wrap elementor-element-populated\">\n\t\t\t\t\t\t\t\t<div class=\"elementor-element elementor-element-81b083b elementor-widget elementor-widget-heading\" data-id=\"81b083b\" data-element_type=\"widget\" data-widget_type=\"heading.default\">\n\t\t\t\t<div class=\"elementor-widget-container\">\n\t\t\t<style>\/*! elementor - v3.6.7 - 03-07-2022 *\/\n.elementor-heading-title{padding:0;margin:0;line-height:1}.elementor-widget-heading .elementor-heading-title[class*=elementor-size-]>a{color:inherit;font-size:inherit;line-height:inherit}.elementor-widget-heading .elementor-heading-title.elementor-size-small{font-size:15px}.elementor-widget-heading .elementor-heading-title.elementor-size-medium{font-size:19px}.elementor-widget-heading .elementor-heading-title.elementor-size-large{font-size:29px}.elementor-widget-heading .elementor-heading-title.elementor-size-xl{font-size:39px}.elementor-widget-heading .elementor-heading-title.elementor-size-xxl{font-size:59px}<\/style><h2 class=\"elementor-heading-title elementor-size-default\">Je\u015bli podoba Ci si\u0119 nasza dzia\u0142alno\u015b\u0107 zapraszamy do wspierania Fundacji Diuna. <br>Fundacja prowadzi dzia\u0142alno\u015b\u0107 po\u017cytku publicznego i mo\u017cna przekaza\u0107 na jej dzia\u0142ania 1% podatku.<br><br><span style=\"background-color: rgb(255, 255, 255); font-family: var( --e-global-typography-accent-font-family ), Sans-serif; font-weight: var( --e-global-typography-accent-font-weight );\">Numer konta bankowego: <\/span><br><span style=\"background-color: rgb(255, 255, 255); font-family: var( --e-global-typography-accent-font-family ), Sans-serif; font-weight: var( --e-global-typography-accent-font-weight );\">mBank:   04 1140 2004 0000 3602 7518 9482<\/span><br><br>IBAN: PL 04 1140 2004 0000 3602 7518 9482<br>kod BIC\/SWIFT mBanku: BREXPLPWMBK<\/h2>\t\t<\/div>\n\t\t\t\t<\/div>\n\t\t\t\t\t<\/div>\n\t\t<\/div>\n\t\t\t\t\t\t\t<\/div>\n\t\t<\/section>\n\t\t\t\t<div class=\"elementor-element elementor-element-f185268 elementor-widget elementor-widget-spacer\" data-id=\"f185268\" data-element_type=\"widget\" data-widget_type=\"spacer.default\">\n\t\t\t\t<div class=\"elementor-widget-container\">\n\t\t\t\t\t<div class=\"elementor-spacer\">\n\t\t\t<div class=\"elementor-spacer-inner\"><\/div>\n\t\t<\/div>\n\t\t\t\t<\/div>\n\t\t\t\t<\/div>\n\t\t\t\t\t<\/div>\n\t\t<\/div>\n\t\t\t\t\t\t\t<\/div>\n\t\t<\/section>\n\t\t\t\t\t\t\t<\/div>\n\t\t","protected":false},"excerpt":{"rendered":"<p>Je\u015bli podoba Ci si\u0119 nasza dzia\u0142alno\u015b\u0107 zapraszamy do wspierania Fundacji Diuna. Fundacja prowadzi dzia\u0142alno\u015b\u0107 po\u017cytku publicznego i mo\u017cna przekaza\u0107 na jej dzia\u0142ania 1% podatku. Numer konta bankowego: mBank: 04 1140 2004 0000 3602 7518 9482 IBAN: PL 04 1140 2004 0000 3602 7518 9482kod BIC\/SWIFT&#8230;<\/p>\n","protected":false},"author":1,"featured_media":0,"parent":0,"menu_order":0,"comment_status":"closed","ping_status":"closed","template":"","meta":{"footnotes":""},"class_list":["post-566","page","type-page","status-publish","hentry"],"_links":{"self":[{"href":"https:\/\/fundacjadiuna.pl\/index.php?rest_route=\/wp\/v2\/pages\/566","targetHints":{"allow":["GET"]}}],"collection":[{"href":"https:\/\/fundacjadiuna.pl\/index.php?rest_route=\/wp\/v2\/pages"}],"about":[{"href":"https:\/\/fundacjadiuna.pl\/index.php?rest_route=\/wp\/v2\/types\/page"}],"author":[{"embeddable":true,"href":"https:\/\/fundacjadiuna.pl\/index.php?rest_route=\/wp\/v2\/users\/1"}],"replies":[{"embeddable":true,"href":"https:\/\/fundacjadiuna.pl\/index.php?rest_route=%2Fwp%2Fv2%2Fcomments&post=566"}],"version-history":[{"count":24,"href":"https:\/\/fundacjadiuna.pl\/index.php?rest_route=\/wp\/v2\/pages\/566\/revisions"}],"predecessor-version":[{"id":1118,"href":"https:\/\/fundacjadiuna.pl\/index.php?rest_route=\/wp\/v2\/pages\/566\/revisions\/1118"}],"wp:attachment":[{"href":"https:\/\/fundacjadiuna.pl\/index.php?rest_route=%2Fwp%2Fv2%2Fmedia&parent=566"}],"curies":[{"name":"wp","href":"https:\/\/api.w.org\/{rel}","templated":true}]}}